{"id":118,"date":"2025-10-17T16:12:01","date_gmt":"2025-10-17T14:12:01","guid":{"rendered":"https:\/\/kmitdeco.fr\/?page_id=118"},"modified":"2026-04-03T11:42:53","modified_gmt":"2026-04-03T09:42:53","slug":"faq-k-mit-deco","status":"publish","type":"page","link":"https:\/\/kmitdeco.fr\/?page_id=118","title":{"rendered":"FAQ K-mit D\u00e9co"},"content":{"rendered":"\t\t<div data-elementor-type=\"wp-page\" data-elementor-id=\"118\" class=\"elementor elementor-118\">\n\t\t\t\t<div class=\"elementor-element elementor-element-6825140 e-flex e-con-boxed e-con e-parent\" data-id=\"6825140\" data-element_type=\"container\" data-e-type=\"container\" data-settings=\"{&quot;background_background&quot;:&quot;classic&quot;}\">\n\t\t\t\t\t<div class=\"e-con-inner\">\n\t\t\t\t<div class=\"elementor-element elementor-element-5cfdd14 elementor-widget elementor-widget-heading\" data-id=\"5cfdd14\" data-element_type=\"widget\" data-e-type=\"widget\" data-widget_type=\"heading.default\">\n\t\t\t\t\t<h1 class=\"elementor-heading-title elementor-size-default\"><br><b>FAQ <\/b><br><\/h1>\t\t\t\t<\/div>\n\t\t\t\t<div class=\"elementor-element elementor-element-07cf651 elementor-widget elementor-widget-text-editor\" data-id=\"07cf651\" data-element_type=\"widget\" data-e-type=\"widget\" data-widget_type=\"text-editor.default\">\n\t\t\t\t\t\t\t\t\t<p><b>\u00a0<\/b><\/p><p><b>1. Qui sommes-nous ?<\/b><\/p><p><b>\u00a0<\/b><\/p><p>K-mit D\u00e9co est une maison de d\u00e9coration haut de gamme, d\u00e9di\u00e9e \u00e0 la mise en lumi\u00e8re des savoir-faire artisanaux panafricains.\u00a0<\/p><p>\u00a0<\/p><p>Chaque pi\u00e8ce incarne une rencontre entre h\u00e9ritage, exigence et esth\u00e9tique contemporaine.<\/p><p>\u00a0<\/p><p>\u00a0<\/p><p><b>2. Les pi\u00e8ces sont-elles vraiment faites \u00e0 la main ?<\/b><\/p><p><b>\u00a0<\/b><\/p><p>Oui.\u00a0<\/p><p>Chaque pi\u00e8ce est fa\u00e7onn\u00e9e \u00e0 la main par des artisans talentueux d&rsquo;Afrique subsaharienne et de sa diaspora.<\/p><p>Aucune production standardis\u00e9e : chaque cr\u00e9ation est unique, avec ses nuances, ses textures et son caract\u00e8re propre.<\/p><p>\u00a0<\/p><p>Vous recevez une pi\u00e8ce authentique, jamais une copie.<\/p><p>\u00a0<\/p><p>\u00a0<\/p><p><b>3. D&rsquo;o\u00f9 proviennent les pi\u00e8ces ?<\/b><\/p><p><b>\u00a0<\/b><\/p><p>Nos pi\u00e8ces sont issues d&rsquo;ateliers artisanaux rigoureusement s\u00e9lectionn\u00e9s pour leur excellence, leur cr\u00e9ativit\u00e9 et leur fid\u00e9lit\u00e9 aux traditions.<\/p><p>Nous travaillons en lien direct avec les artisans, sans interm\u00e9diaires superflus, afin de garantir une tra\u00e7abilit\u00e9 claire, une qualit\u00e9 constante et une authenticit\u00e9 pr\u00e9serv\u00e9e.<\/p><p>\u00a0<\/p><p>\u00a0<\/p><p><b>4. Les artisans sont-ils r\u00e9mun\u00e9r\u00e9s \u00e9quitablement ?\u00a0<\/b><\/p><p><b>\u00a0<\/b><\/p><p>Oui, et c&rsquo;est un engagement fondamental.<\/p><p>K-mit D\u00e9co d\u00e9fend une vision exigeante du juste prix : chaque artisan est r\u00e9mun\u00e9r\u00e9 de mani\u00e8re \u00e9quitable, en coh\u00e9rence avec son savoir-faire, le temps investi et la qualit\u00e9 des mat\u00e9riaux.\u00a0<\/p><p><span style=\"font-style: inherit; font-weight: inherit;\">\u00a0<\/span><\/p><p><span style=\"font-style: inherit; font-weight: inherit;\">Derri\u00e8re chaque pi\u00e8ce, il y a une histoire humaine respect\u00e9e.<\/span><\/p><p><span style=\"font-style: inherit; font-weight: inherit;\">\u00a0<\/span><\/p><p><span style=\"font-style: inherit; font-weight: inherit;\">\u00a0<\/span><\/p><p><b>5. Les pi\u00e8ces sont-elles respectueuses de l&rsquo;environnement ?<\/b><\/p><p><b>\u00a0<\/b><\/p><p>Nous privil\u00e9gions des mat\u00e9riaux durables, recycl\u00e9s ou renouvelables lorsque cela est possible.<\/p><p><span style=\"font-style: inherit; font-weight: inherit;\">Nos choix de fabrication visent \u00e0 limiter l&rsquo;impact environnemental, avec une attention particuli\u00e8re port\u00e9e aux proc\u00e9d\u00e9s et aux ressources utilis\u00e9es.<\/span><\/p><p><span style=\"font-style: inherit; font-weight: inherit;\">\u00a0<\/span><\/p><p><span style=\"font-style: inherit; font-weight: inherit;\">Nos emballages sont con\u00e7us sans plastique<\/span><span style=\"font-style: inherit; font-weight: inherit;\">.<\/span><\/p><p><span style=\"font-style: inherit; font-weight: inherit;\">\u00a0<\/span><\/p><p><span style=\"font-style: inherit; font-weight: inherit;\">\u00a0<\/span><\/p><p><b>6. Comment les pi\u00e8ces sont-elles emball\u00e9es ?<\/b><\/p><p><b>\u00a0<\/b><\/p><p>Chaque pi\u00e8ce est pr\u00e9par\u00e9e avec le plus grand soin.<\/p><p>Nous utilisons des emballages recyclables et r\u00e9utilisables, pens\u00e9es pour prot\u00e9ger efficacement les cr\u00e9ations tout en respectant notre engagement environnemental.\u00a0<\/p><p>\u00a0<\/p><p>Vous recevez votre commande dans des conditions \u00e0 la hauteur de son exigence.<\/p><p><span style=\"font-style: inherit; font-weight: inherit;\">\u00a0<\/span><\/p><p><span style=\"font-style: inherit; font-weight: inherit;\">\u00a0<\/span><\/p><p><b>7. Comment entretenir les pi\u00e8ces ?<\/b><\/p><p><b>\u00a0<\/b><\/p><p>Chaque pi\u00e8ce est accompagn\u00e9e de recommandations d&rsquo;entretien adapt\u00e9es.<\/p><p>De mani\u00e8re g\u00e9n\u00e9rale, un nettoyage doux et des produits naturels permettent de pr\u00e9server la qualit\u00e9, la mati\u00e8re et la long\u00e9vit\u00e9 des cr\u00e9ations.<\/p><p>\u00a0<\/p><p>\u00a0<\/p><p><b>8. Quels sont les d\u00e9lais de livraison ?<\/b><\/p><p><b>\u00a0<\/b><\/p><p>Les commandes sont pr\u00e9par\u00e9es avec soin puis exp\u00e9di\u00e9es rapidement.<\/p><p><span style=\"font-style: inherit; font-weight: inherit;\">\u00a0<\/span><span style=\"font-style: inherit; font-weight: inherit;\">Les d\u00e9lais de livraison en France m\u00e9tropolitaine sont estim\u00e9s entre 2 et 6 jours ouvr\u00e9s.\u00a0<\/span><\/p><p><span style=\"font-style: inherit; font-weight: inherit;\">\u00a0<\/span><\/p><p><span style=\"font-style: inherit; font-weight: inherit;\">Un suivi de commande est disponible \u00e0 chaque \u00e9tape.<\/span><\/p><p><span style=\"font-style: inherit; font-weight: inherit;\">\u00a0<\/span><\/p><p><span style=\"font-style: inherit; font-weight: inherit;\">\u00a0<\/span><\/p><p><span style=\"font-style: inherit;\"><b>9. Les paiements sont-ils s\u00e9curis\u00e9s ?<\/b><\/span><\/p><p><span style=\"font-style: inherit;\">\u00a0<\/span><\/p><p><span style=\"font-style: inherit;\">Oui, toutes les transactions sont 100 % s\u00e9curis\u00e9es.<\/span><\/p><p><span style=\"font-style: inherit;\">Les paiements sont trait\u00e9s via une solution reconnue, garantissant la protection de vos donn\u00e9es bancaires.<\/span><\/p><p><span style=\"font-style: inherit;\">\u00a0<\/span><\/p><p><span style=\"font-style: inherit;\">Vous pouvez commander en toute confiance.<\/span><\/p><p><span style=\"font-style: inherit;\">\u00a0<\/span><\/p><p><span style=\"font-style: inherit;\"><b>\u00a0<\/b><\/span><\/p><p><span style=\"font-style: inherit;\"><b>10. Puis-je retourner une pi\u00e8ce si elle ne me convient pas ?<\/b><\/span><\/p><p><span style=\"font-style: inherit;\"><b>\u00a0<\/b><\/span><\/p><p><span style=\"font-style: inherit;\">Oui.<\/span><\/p><p>Vous disposez d&rsquo;un d\u00e9lai de 15 jours apr\u00e8s r\u00e9ception pour exercer votre droit de r\u00e9tractation.<\/p><p>Notre service client vous accompagne \u00e0 chaque \u00e9tape pour une exp\u00e9rience fluide et sereine.<\/p><p><span style=\"font-style: inherit;\"><b>\u00a0<\/b><\/span><\/p><p><span style=\"font-style: inherit;\"><b>\u00a0<\/b><\/span><\/p><p><span style=\"font-style: inherit;\"><b>11. Pourquoi choisir K-mit D\u00e9co ?<\/b><\/span><\/p><p><span style=\"font-style: inherit; font-weight: inherit;\">\u00a0<\/span><\/p><p><span style=\"font-style: inherit; font-weight: inherit;\">Choisir K-mit D\u00e9co, c&rsquo;est :<\/span><\/p><p><span style=\"font-style: inherit; font-weight: inherit;\">\u00a0<\/span><\/p><p><span style=\"font-style: inherit; font-weight: inherit;\">&#8211; Acc\u00e9der \u00e0 des pi\u00e8ces singuli\u00e8res, fa\u00e7onn\u00e9es \u00e0 la main et porteuses de sens<\/span><\/p><p><span style=\"font-style: inherit; font-weight: inherit;\">\u00a0<\/span><\/p><p><span style=\"font-style: inherit; font-weight: inherit;\">&#8211; Valoriser des savoir-faire panafricains d&rsquo;excellence<\/span><\/p><p><span style=\"font-style: inherit; font-weight: inherit;\">\u00a0<\/span><\/p><p><span style=\"font-style: inherit; font-weight: inherit;\">&#8211; Int\u00e9grer une dimension culturelle et authentique \u00e0 votre int\u00e9rieur<\/span><\/p><p><span style=\"font-style: inherit; font-weight: inherit;\">\u00a0<\/span><\/p><p><span style=\"font-style: inherit; font-weight: inherit;\">&#8211; Soutenir une cr\u00e9ation responsable et \u00e9quitable<\/span><\/p><p><span style=\"font-style: inherit; font-weight: inherit;\">\u00a0<\/span><\/p><p><span style=\"font-style: inherit; font-weight: inherit;\">&#8211; Faire le choix d&rsquo;un style affirm\u00e9, entre h\u00e9ritage et modernit\u00e9.<\/span><\/p><p><span style=\"font-style: inherit; font-weight: inherit;\">\u00a0<\/span><\/p>\t\t\t\t\t\t\t\t<\/div>\n\t\t\t\t\t<\/div>\n\t\t\t\t<\/div>\n\t\t<div class=\"elementor-element elementor-element-0c8a313 e-flex e-con-boxed e-con e-parent\" data-id=\"0c8a313\" data-element_type=\"container\" data-e-type=\"container\" data-settings=\"{&quot;background_background&quot;:&quot;classic&quot;}\">\n\t\t\t\t\t<div class=\"e-con-inner\">\n\t\t\t\t<div class=\"elementor-element elementor-element-70efe58 elementor-widget elementor-widget-heading\" data-id=\"70efe58\" data-element_type=\"widget\" data-e-type=\"widget\" data-widget_type=\"heading.default\">\n\t\t\t\t\t<h2 class=\"elementor-heading-title elementor-size-default\"><b>K-mit D\u00e9co -<\/b> <b>Vous informer avec clart\u00e9,<\/b> <b>vous accompagner avec exigence.<\/b><\/h2>\t\t\t\t<\/div>\n\t\t\t\t\t<\/div>\n\t\t\t\t<\/div>\n\t\t\t\t<\/div>\n\t\t","protected":false},"excerpt":{"rendered":"<p>FAQ \u00a0 1. Qui sommes-nous ? \u00a0 K-mit D\u00e9co est une maison de d\u00e9coration haut de gamme, d\u00e9di\u00e9e \u00e0 la [&hellip;]<\/p>\n","protected":false},"author":1,"featured_media":0,"parent":0,"menu_order":0,"comment_status":"closed","ping_status":"closed","template":"","meta":{"site-sidebar-layout":"no-sidebar","site-content-layout":"","ast-site-content-layout":"full-width-container","site-content-style":"default","site-sidebar-style":"default","ast-global-header-display":"","ast-banner-title-visibility":"","ast-main-header-display":"","ast-hfb-above-header-display":"","ast-hfb-below-header-display":"","ast-hfb-mobile-header-display":"","site-post-title":"disabled","ast-breadcrumbs-content":"","ast-featured-img":"disabled","footer-sml-layout":"","ast-disable-related-posts":"","theme-transparent-header-meta":"","adv-header-id-meta":"","stick-header-meta":"","header-above-stick-meta":"","header-main-stick-meta":"","header-below-stick-meta":"","astra-migrate-meta-layouts":"default","ast-page-background-enabled":"default","ast-page-background-meta":{"desktop":{"background-color":"var(--ast-global-color-5)","background-image":"","background-repeat":"repeat","background-position":"center center","background-size":"auto","background-attachment":"scroll","background-type":"","background-media":"","overlay-type":"","overlay-color":"","overlay-opacity":"","overlay-gradient":""},"tablet":{"background-color":"","background-image":"","background-repeat":"repeat","background-position":"center center","background-size":"auto","background-attachment":"scroll","background-type":"","background-media":"","overlay-type":"","overlay-color":"","overlay-opacity":"","overlay-gradient":""},"mobile":{"background-color":"","background-image":"","background-repeat":"repeat","background-position":"center center","background-size":"auto","background-attachment":"scroll","background-type":"","background-media":"","overlay-type":"","overlay-color":"","overlay-opacity":"","overlay-gradient":""}},"ast-content-background-meta":{"desktop":{"background-color":"var(--ast-global-color-4)","background-image":"","background-repeat":"repeat","background-position":"center center","background-size":"auto","background-attachment":"scroll","background-type":"","background-media":"","overlay-type":"","overlay-color":"","overlay-opacity":"","overlay-gradient":""},"tablet":{"background-color":"var(--ast-global-color-4)","background-image":"","background-repeat":"repeat","background-position":"center center","background-size":"auto","background-attachment":"scroll","background-type":"","background-media":"","overlay-type":"","overlay-color":"","overlay-opacity":"","overlay-gradient":""},"mobile":{"background-color":"var(--ast-global-color-4)","background-image":"","background-repeat":"repeat","background-position":"center center","background-size":"auto","background-attachment":"scroll","background-type":"","background-media":"","overlay-type":"","overlay-color":"","overlay-opacity":"","overlay-gradient":""}},"footnotes":""},"class_list":["post-118","page","type-page","status-publish","hentry"],"_links":{"self":[{"href":"https:\/\/kmitdeco.fr\/index.php?rest_route=\/wp\/v2\/pages\/118","targetHints":{"allow":["GET"]}}],"collection":[{"href":"https:\/\/kmitdeco.fr\/index.php?rest_route=\/wp\/v2\/pages"}],"about":[{"href":"https:\/\/kmitdeco.fr\/index.php?rest_route=\/wp\/v2\/types\/page"}],"author":[{"embeddable":true,"href":"https:\/\/kmitdeco.fr\/index.php?rest_route=\/wp\/v2\/users\/1"}],"replies":[{"embeddable":true,"href":"https:\/\/kmitdeco.fr\/index.php?rest_route=%2Fwp%2Fv2%2Fcomments&post=118"}],"version-history":[{"count":48,"href":"https:\/\/kmitdeco.fr\/index.php?rest_route=\/wp\/v2\/pages\/118\/revisions"}],"predecessor-version":[{"id":1138,"href":"https:\/\/kmitdeco.fr\/index.php?rest_route=\/wp\/v2\/pages\/118\/revisions\/1138"}],"wp:attachment":[{"href":"https:\/\/kmitdeco.fr\/index.php?rest_route=%2Fwp%2Fv2%2Fmedia&parent=118"}],"curies":[{"name":"wp","href":"https:\/\/api.w.org\/{rel}","templated":true}]}}