{"id":145,"date":"2025-11-19T18:14:39","date_gmt":"2025-11-19T17:14:39","guid":{"rendered":"https:\/\/kmitdeco.fr\/?page_id=145"},"modified":"2026-04-03T12:11:50","modified_gmt":"2026-04-03T10:11:50","slug":"mentions-legales","status":"publish","type":"page","link":"https:\/\/kmitdeco.fr\/?page_id=145","title":{"rendered":"Mentions L\u00e9gales"},"content":{"rendered":"\t\t<div data-elementor-type=\"wp-page\" data-elementor-id=\"145\" class=\"elementor elementor-145\">\n\t\t\t\t<div class=\"elementor-element elementor-element-eb1f9b4 e-flex e-con-boxed e-con e-parent\" data-id=\"eb1f9b4\" data-element_type=\"container\" data-e-type=\"container\" data-settings=\"{&quot;background_background&quot;:&quot;classic&quot;}\">\n\t\t\t\t\t<div class=\"e-con-inner\">\n\t\t\t\t<div class=\"elementor-element elementor-element-6141a37 elementor-widget elementor-widget-heading\" data-id=\"6141a37\" data-element_type=\"widget\" data-e-type=\"widget\" data-widget_type=\"heading.default\">\n\t\t\t\t\t<h1 class=\"elementor-heading-title elementor-size-default\"><br><b>Mentions L\u00e9gales<\/b><br><\/h1>\t\t\t\t<\/div>\n\t\t\t\t<div class=\"elementor-element elementor-element-7034d52 elementor-widget__width-initial elementor-widget elementor-widget-text-editor\" data-id=\"7034d52\" data-element_type=\"widget\" data-e-type=\"widget\" data-widget_type=\"text-editor.default\">\n\t\t\t\t\t\t\t\t\t<p><b>\u00a0<\/b><\/p><p><b>1. \u00c9diteur du site<\/b><\/p><p><b>\u00a0<\/b><\/p><p>Le site kmitdeco.fr est \u00e9dit\u00e9 par :<\/p><p>\u00a0<\/p><p>K-mit D\u00e9co<\/p><p>\u00a0<\/p><p>Entreprise individuelle (micro-entreprise)\u00a0<\/p><p>\u00a0<\/p><p>Immatricul\u00e9e au RCS de Toulouse sous num\u00e9ro 819 738 709<\/p><p>\u00a0<\/p><p>SIRET : 819 738 709 00024<\/p><p>\u00a0<\/p><p>TVA intracommunautaire : FR68819738709<\/p><p>\u00a0<\/p><p>\u00a0<\/p><p>Responsable de la publication : Pel\u00e8ge PASCAL<\/p><p>\u00a0<\/p><p>contact : kmitdecokmit@gmail.com<\/p><p>\u00a0<\/p><p>\u00a0<\/p><p>Si\u00e8ge : 14 Chemin de la Croisette\u00a0<\/p><p>Pins-Justaret, Haute-Garonne, France<\/p><p>\u00a0<\/p><p>\u00a0<\/p><p>\u00a0<\/p><p>2. H\u00e9bergement<\/p><p>\u00a0<\/p><p>\u00a0<\/p><p>Le site est h\u00e9berg\u00e9 par :<\/p><p>\u00a0<\/p><p>\u00a0<\/p><p>Hostinger<\/p><p>\u00a0<\/p><p>\u00a0<\/p><p>. Hostinger, UAB<\/p><p>\u00a0 34 rue Svitrigailos, 03230 Vilnius, Lituanie<\/p><p>\u00a0<\/p><p>\u00a0<\/p><p>. Hostinger International Ltd<\/p><p>\u00a0 61 rue Lordou Vironos, 6023 Larnaca, Chypre<\/p><p>\u00a0<\/p><p>\u00a0<\/p><p>Contact : https:\/\/www.hostinger.fr\/contact<\/p><p>\u00a0<\/p><p>\u00a0<\/p><p>\u00a0<\/p><p><b>3. Propri\u00e9t\u00e9 intellectuelle<\/b><\/p><p><b>\u00a0<\/b><\/p><p>L&rsquo;ensemble des \u00e9l\u00e9ments pr\u00e9sents sur le site kmitdeco.fr, qu&rsquo;il s&rsquo;agisse de textes, visuels, cr\u00e9ations, identit\u00e9s graphiques ou contenus, constitue un univers prot\u00e9g\u00e9.<\/p><p><span style=\"font-style: inherit; font-weight: inherit;\">Sauf mention contraire, ces \u00e9l\u00e9ments sont la propri\u00e9t\u00e9 exclusive de K-mit D\u00e9co.<\/span><\/p><p><span style=\"font-style: inherit; font-weight: inherit;\">\u00a0<\/span><\/p><p>Toute reproduction, repr\u00e9sentation, adaptation ou exploitation, totale ou partielle, sans autorisation pr\u00e9alable \u00e9crite, est strictement interdite et pourra donner lieu \u00e0 des poursuites.\u00a0<\/p><p>\u00a0<\/p><p>\u00a0<\/p><p>\u00a0<\/p><p><b>4. Donn\u00e9es personnelles<\/b><\/p><p><b>\u00a0<\/b><\/p><p>Les informations collect\u00e9es sont strictement n\u00e9cessaires au traitement des commandes et \u00e0 la relation client.<\/p><p>\u00a0<\/p><p>Elles sont trait\u00e9es avec la plus grande confidentialit\u00e9, dans le respect :<\/p><p>\u00a0<\/p><p>\u00a0<\/p><p>. Du R\u00e8glement G\u00e9n\u00e9ral sur la Protection des Donn\u00e9es (RGPD).<\/p><p>\u00a0<\/p><p>\u00a0<\/p><p>. Et de la loi Informatique et Libert\u00e9s modifi\u00e9e.<\/p><p>\u00a0<\/p><p>\u00a0<\/p><p>Vous disposez \u00e0 tout moment d&rsquo;un droit d&rsquo;acc\u00e8s, de rectification, de suppression et d&rsquo;opposition.\u00a0<\/p><p>\u00a0<\/p><p>Ces droits peuvent \u00eatre exerc\u00e9s \u00e0 l&rsquo;adresse suivante : kmitdecokmit@gmail.com<\/p><p>\u00a0<\/p><p><b>5. Cookies\u00a0<\/b><\/p><p><b>\u00a0<\/b><\/p><p>Le site peut recourir \u00e0 des cookies afin d&rsquo;assurer une navigation fluide et d&rsquo;am\u00e9liorer l&rsquo;exp\u00e9rience utilisateur.\u00a0<\/p><p>Vous avez la possibilit\u00e9 de configurer votre navigateur pour accepter, limiter ou refuser tout ou partie de ces cookies.<\/p><p><b>\u00a0<\/b><\/p><p><b>\u00a0<\/b><\/p><p><b>6. Responsabilit\u00e9\u00a0<\/b><\/p><p><b>\u00a0<\/b><\/p><p>K-mit D\u00e9co accorde une attention particuli\u00e8re \u00e0 la qualit\u00e9 et \u00e0 l&rsquo;exactitude des informations diffus\u00e9es sur le site.<\/p><p><span style=\"font-style: inherit; font-weight: inherit;\">Toutefois, des impr\u00e9cisions ponctuelles peuvent subsister. L&rsquo;utilisateur est invit\u00e9 \u00e0 les signaler \u00e0 l&rsquo;adresse de contact mentionn\u00e9e ci-dessus.<\/span><\/p><p><span style=\"font-style: inherit; font-weight: inherit;\">L&rsquo;utilisation du site s&rsquo;effectue sous la responsabilit\u00e9 de l&rsquo;utilisateur<\/span><span style=\"font-style: inherit; font-weight: inherit;\">.<\/span><\/p><p><b>\u00a0<\/b><\/p><p><b>\u00a0<\/b><\/p><p><b>7. Droit applicable\u00a0<\/b><\/p><p><b>\u00a0<\/b><\/p><p>Les pr\u00e9sentes mentions l\u00e9gales sont r\u00e9gies par le droit fran\u00e7ais. En cas de litige, une solution amiable sera privil\u00e9gi\u00e9e. \u00c0\u00a0 d\u00e9faut, les juridictions comp\u00e9tentes seront celles de Toulouse.<\/p><p>\u00a0<\/p>\t\t\t\t\t\t\t\t<\/div>\n\t\t\t\t\t<\/div>\n\t\t\t\t<\/div>\n\t\t\t\t<\/div>\n\t\t","protected":false},"excerpt":{"rendered":"<p>Mentions L\u00e9gales \u00a0 1. \u00c9diteur du site \u00a0 Le site kmitdeco.fr est \u00e9dit\u00e9 par : \u00a0 K-mit D\u00e9co \u00a0 Entreprise [&hellip;]<\/p>\n","protected":false},"author":1,"featured_media":0,"parent":0,"menu_order":0,"comment_status":"closed","ping_status":"closed","template":"","meta":{"site-sidebar-layout":"no-sidebar","site-content-layout":"","ast-site-content-layout":"full-width-container","site-content-style":"default","site-sidebar-style":"default","ast-global-header-display":"","ast-banner-title-visibility":"","ast-main-header-display":"","ast-hfb-above-header-display":"","ast-hfb-below-header-display":"","ast-hfb-mobile-header-display":"","site-post-title":"disabled","ast-breadcrumbs-content":"","ast-featured-img":"disabled","footer-sml-layout":"","ast-disable-related-posts":"","theme-transparent-header-meta":"","adv-header-id-meta":"","stick-header-meta":"","header-above-stick-meta":"","header-main-stick-meta":"","header-below-stick-meta":"","astra-migrate-meta-layouts":"default","ast-page-background-enabled":"default","ast-page-background-meta":{"desktop":{"background-color":"var(--ast-global-color-5)","background-image":"","background-repeat":"repeat","background-position":"center center","background-size":"auto","background-attachment":"scroll","background-type":"","background-media":"","overlay-type":"","overlay-color":"","overlay-opacity":"","overlay-gradient":""},"tablet":{"background-color":"","background-image":"","background-repeat":"repeat","background-position":"center center","background-size":"auto","background-attachment":"scroll","background-type":"","background-media":"","overlay-type":"","overlay-color":"","overlay-opacity":"","overlay-gradient":""},"mobile":{"background-color":"","background-image":"","background-repeat":"repeat","background-position":"center center","background-size":"auto","background-attachment":"scroll","background-type":"","background-media":"","overlay-type":"","overlay-color":"","overlay-opacity":"","overlay-gradient":""}},"ast-content-background-meta":{"desktop":{"background-color":"var(--ast-global-color-4)","background-image":"","background-repeat":"repeat","background-position":"center center","background-size":"auto","background-attachment":"scroll","background-type":"","background-media":"","overlay-type":"","overlay-color":"","overlay-opacity":"","overlay-gradient":""},"tablet":{"background-color":"var(--ast-global-color-4)","background-image":"","background-repeat":"repeat","background-position":"center center","background-size":"auto","background-attachment":"scroll","background-type":"","background-media":"","overlay-type":"","overlay-color":"","overlay-opacity":"","overlay-gradient":""},"mobile":{"background-color":"var(--ast-global-color-4)","background-image":"","background-repeat":"repeat","background-position":"center center","background-size":"auto","background-attachment":"scroll","background-type":"","background-media":"","overlay-type":"","overlay-color":"","overlay-opacity":"","overlay-gradient":""}},"footnotes":""},"class_list":["post-145","page","type-page","status-publish","hentry"],"_links":{"self":[{"href":"https:\/\/kmitdeco.fr\/index.php?rest_route=\/wp\/v2\/pages\/145","targetHints":{"allow":["GET"]}}],"collection":[{"href":"https:\/\/kmitdeco.fr\/index.php?rest_route=\/wp\/v2\/pages"}],"about":[{"href":"https:\/\/kmitdeco.fr\/index.php?rest_route=\/wp\/v2\/types\/page"}],"author":[{"embeddable":true,"href":"https:\/\/kmitdeco.fr\/index.php?rest_route=\/wp\/v2\/users\/1"}],"replies":[{"embeddable":true,"href":"https:\/\/kmitdeco.fr\/index.php?rest_route=%2Fwp%2Fv2%2Fcomments&post=145"}],"version-history":[{"count":49,"href":"https:\/\/kmitdeco.fr\/index.php?rest_route=\/wp\/v2\/pages\/145\/revisions"}],"predecessor-version":[{"id":1158,"href":"https:\/\/kmitdeco.fr\/index.php?rest_route=\/wp\/v2\/pages\/145\/revisions\/1158"}],"wp:attachment":[{"href":"https:\/\/kmitdeco.fr\/index.php?rest_route=%2Fwp%2Fv2%2Fmedia&parent=145"}],"curies":[{"name":"wp","href":"https:\/\/api.w.org\/{rel}","templated":true}]}}