{"id":156,"date":"2025-10-17T17:25:09","date_gmt":"2025-10-17T15:25:09","guid":{"rendered":"https:\/\/kmitdeco.fr\/?page_id=156"},"modified":"2026-04-02T19:50:04","modified_gmt":"2026-04-02T17:50:04","slug":"notre-charte-ethique","status":"publish","type":"page","link":"https:\/\/kmitdeco.fr\/?page_id=156","title":{"rendered":"Notre Charte \u00c9thique"},"content":{"rendered":"\t\t<div data-elementor-type=\"wp-page\" data-elementor-id=\"156\" class=\"elementor elementor-156\">\n\t\t\t\t<div class=\"elementor-element elementor-element-e09b3f2 e-con-full e-flex e-con e-parent\" data-id=\"e09b3f2\" data-element_type=\"container\" data-e-type=\"container\" data-settings=\"{&quot;background_background&quot;:&quot;classic&quot;}\">\n\t\t\t\t<div class=\"elementor-element elementor-element-4cbf227 elementor-widget elementor-widget-heading\" data-id=\"4cbf227\" data-element_type=\"widget\" data-e-type=\"widget\" data-widget_type=\"heading.default\">\n\t\t\t\t\t<h1 class=\"elementor-heading-title elementor-size-default\"><br><b>Charte \u00c9thique<\/b><br><\/h1>\t\t\t\t<\/div>\n\t\t\t\t<div class=\"elementor-element elementor-element-ca18d3c elementor-widget-mobile__width-inherit elementor-widget elementor-widget-text-editor\" data-id=\"ca18d3c\" data-element_type=\"widget\" data-e-type=\"widget\" data-widget_type=\"text-editor.default\">\n\t\t\t\t\t\t\t\t\t<p><\/p>\n<p><br><\/p><p>Chez K-mit D\u00e9co, nous concevons la d\u00e9coration comme une expression \u00e0 la fois esth\u00e9tique et essentielle.<\/p><p><br><\/p>\n<p><\/p>\n<p>Chaque pi\u00e8ce que nous proposons s&rsquo;inscrit dans une d\u00e9marche exigeante o\u00f9 le respect, l&rsquo;authenticit\u00e9 et la responsabilit\u00e9 ne sont jamais dissoci\u00e9s du style.<\/p><p><br><\/p>\n<p><\/p>\n<p>Notre engagement repose sur des principes fondamentaux qui guident chacune de nos d\u00e9cisions.<\/p><p><br><\/p><p><br><\/p>\n<p><\/p>\n<p><\/p>\n<p><b>1. Respect des savoir-faire<\/b><\/p>\n<p><b>&nbsp;<\/b><\/p>\n<p>Nous honorons le geste artisanal dans toute sa richesse.<\/p><p><br><\/p>\n<p><\/p>\n<p>Chaque pi\u00e8ce est le fruit d&rsquo;un savoir-faire transmis, ma\u00eetris\u00e9 et incarn\u00e9 par des artisans d&rsquo;Afrique subsaharienne et de sa diaspora.<\/p><p><br><\/p>\n<p><\/p>\n<p>Nous privil\u00e9gions des relations directes et durables fond\u00e9es sur la reconnaissance, la confiance et une r\u00e9mun\u00e9ration juste<span style=\"font-style: inherit; font-weight: inherit;\">.<\/span><\/p>\n<p><span style=\"font-style: inherit; font-weight: inherit;\">&nbsp;<\/span><\/p>\n<p><span style=\"font-style: inherit; font-weight: inherit;\">&nbsp;<\/span><\/p>\n<p><b>2. Exigence des mat\u00e9riaux&nbsp;<\/b><\/p>\n<p><b>&nbsp;<\/b><\/p>\n<p>Nous s\u00e9lectionnons des mat\u00e9riaux pour leur qualit\u00e9, leur durabilit\u00e9 et leur int\u00e9grit\u00e9.<\/p><p><br><\/p>\n<p>Lorsque cela est possible, nous privil\u00e9gions des ressources naturelles, recycl\u00e9es ou renouvelables, sans jamais compromettre l&rsquo;exigence esth\u00e9tique.<\/p><p><br><\/p><p><br><\/p>\n<p><\/p>\n<p><\/p>\n<p><b>3. Transparence<\/b><\/p>\n<p><b>&nbsp;<\/b><\/p>\n<p>Nous d\u00e9fendons une approche claire et sinc\u00e8re.<\/p><p><br><\/p>\n<p><\/p>\n<p>L&rsquo;origine, la fabrication et les caract\u00e9ristiques de chaque pi\u00e8ce sont communiqu\u00e9es avec justesse, sans artifice ni promesse superflue<span style=\"font-style: inherit; font-weight: inherit;\">.<\/span><\/p>\n<p><b>&nbsp;<\/b><\/p>\n<p><b>&nbsp;<\/b><\/p>\n<p><b>4. Sobri\u00e9t\u00e9 des exp\u00e9ditions&nbsp;&nbsp;<\/b><\/p>\n<p><b>&nbsp;<\/b><\/p>\n<p>Nous portons une attention particuli\u00e8re \u00e0 chaque \u00e9tape de l&rsquo;envoi.<\/p><p><br><\/p>\n<p><\/p>\n<p>Les pi\u00e8ces sont pr\u00e9par\u00e9es avec soin et prot\u00e9g\u00e9es par des emballages&nbsp; recyclables, sans plastique.<\/p><p><br><\/p><p><br><\/p>\n<p><\/p>\n<p><\/p>\n<p><b>5. Engagement dans le temps&nbsp;<\/b><\/p>\n<p><b>&nbsp;<\/b><\/p>\n<p>Nous inscrivons notre d\u00e9marche dans une volont\u00e9 d&rsquo;am\u00e9lioration continue.<\/p><p><br><\/p>\n<p><\/p>\n<p>Chaque d\u00e9cision, chaque collaboration, chaque \u00e9volution vise \u00e0 renforcer un mod\u00e8le plus responsable, sans compromis sur l&rsquo;exigence et la p\u00e9rennit\u00e9 de la Maison.<\/p><p><br><\/p>\n<p><\/p>\n<p><b>Notre promesse :<\/b> proposer une d\u00e9coration o\u00f9 l&rsquo;esth\u00e9tique rencontre le sens. Des pi\u00e8ces qui traversent le temps, autant par leur qualit\u00e9 que par leur histoire.<\/p><p><br><\/p>\n<p><\/p>\n<p><b>Notre engagement :<\/b> avancer avec exigence et lucidit\u00e9. Respecter nos valeurs tout en construisant un mod\u00e8le durable, \u00e9quilibr\u00e9 et sinc\u00e8re.<\/p><p><br><\/p>\n<p><\/p>\t\t\t\t\t\t\t\t<\/div>\n\t\t\t\t<\/div>\n\t\t<div class=\"elementor-element elementor-element-a679394 e-flex e-con-boxed e-con e-parent\" data-id=\"a679394\" data-element_type=\"container\" data-e-type=\"container\">\n\t\t\t\t\t<div class=\"e-con-inner\">\n\t\t\t\t<div class=\"elementor-element elementor-element-fc5cbd0 elementor-widget elementor-widget-heading\" data-id=\"fc5cbd0\" data-element_type=\"widget\" data-e-type=\"widget\" data-widget_type=\"heading.default\">\n\t\t\t\t\t<h2 class=\"elementor-heading-title elementor-size-default\"><b>K-mit D\u00e9co - L'exigence du beau, le respect du sens.<\/b><\/h2>\t\t\t\t<\/div>\n\t\t\t\t\t<\/div>\n\t\t\t\t<\/div>\n\t\t\t\t<\/div>\n\t\t","protected":false},"excerpt":{"rendered":"<p>Charte \u00c9thique Chez K-mit D\u00e9co, nous concevons la d\u00e9coration comme une expression \u00e0 la fois esth\u00e9tique et essentielle. Chaque pi\u00e8ce [&hellip;]<\/p>\n","protected":false},"author":1,"featured_media":0,"parent":0,"menu_order":0,"comment_status":"closed","ping_status":"closed","template":"","meta":{"site-sidebar-layout":"no-sidebar","site-content-layout":"","ast-site-content-layout":"full-width-container","site-content-style":"default","site-sidebar-style":"default","ast-global-header-display":"","ast-banner-title-visibility":"","ast-main-header-display":"","ast-hfb-above-header-display":"","ast-hfb-below-header-display":"","ast-hfb-mobile-header-display":"","site-post-title":"disabled","ast-breadcrumbs-content":"","ast-featured-img":"disabled","footer-sml-layout":"","ast-disable-related-posts":"","theme-transparent-header-meta":"","adv-header-id-meta":"","stick-header-meta":"","header-above-stick-meta":"","header-main-stick-meta":"","header-below-stick-meta":"","astra-migrate-meta-layouts":"default","ast-page-background-enabled":"default","ast-page-background-meta":{"desktop":{"background-color":"var(--ast-global-color-5)","background-image":"","background-repeat":"repeat","background-position":"center center","background-size":"auto","background-attachment":"scroll","background-type":"","background-media":"","overlay-type":"","overlay-color":"","overlay-opacity":"","overlay-gradient":""},"tablet":{"background-color":"","background-image":"","background-repeat":"repeat","background-position":"center center","background-size":"auto","background-attachment":"scroll","background-type":"","background-media":"","overlay-type":"","overlay-color":"","overlay-opacity":"","overlay-gradient":""},"mobile":{"background-color":"","background-image":"","background-repeat":"repeat","background-position":"center center","background-size":"auto","background-attachment":"scroll","background-type":"","background-media":"","overlay-type":"","overlay-color":"","overlay-opacity":"","overlay-gradient":""}},"ast-content-background-meta":{"desktop":{"background-color":"var(--ast-global-color-4)","background-image":"","background-repeat":"repeat","background-position":"center center","background-size":"auto","background-attachment":"scroll","background-type":"","background-media":"","overlay-type":"","overlay-color":"","overlay-opacity":"","overlay-gradient":""},"tablet":{"background-color":"var(--ast-global-color-4)","background-image":"","background-repeat":"repeat","background-position":"center center","background-size":"auto","background-attachment":"scroll","background-type":"","background-media":"","overlay-type":"","overlay-color":"","overlay-opacity":"","overlay-gradient":""},"mobile":{"background-color":"var(--ast-global-color-4)","background-image":"","background-repeat":"repeat","background-position":"center center","background-size":"auto","background-attachment":"scroll","background-type":"","background-media":"","overlay-type":"","overlay-color":"","overlay-opacity":"","overlay-gradient":""}},"footnotes":""},"class_list":["post-156","page","type-page","status-publish","hentry"],"_links":{"self":[{"href":"https:\/\/kmitdeco.fr\/index.php?rest_route=\/wp\/v2\/pages\/156","targetHints":{"allow":["GET"]}}],"collection":[{"href":"https:\/\/kmitdeco.fr\/index.php?rest_route=\/wp\/v2\/pages"}],"about":[{"href":"https:\/\/kmitdeco.fr\/index.php?rest_route=\/wp\/v2\/types\/page"}],"author":[{"embeddable":true,"href":"https:\/\/kmitdeco.fr\/index.php?rest_route=\/wp\/v2\/users\/1"}],"replies":[{"embeddable":true,"href":"https:\/\/kmitdeco.fr\/index.php?rest_route=%2Fwp%2Fv2%2Fcomments&post=156"}],"version-history":[{"count":55,"href":"https:\/\/kmitdeco.fr\/index.php?rest_route=\/wp\/v2\/pages\/156\/revisions"}],"predecessor-version":[{"id":1099,"href":"https:\/\/kmitdeco.fr\/index.php?rest_route=\/wp\/v2\/pages\/156\/revisions\/1099"}],"wp:attachment":[{"href":"https:\/\/kmitdeco.fr\/index.php?rest_route=%2Fwp%2Fv2%2Fmedia&parent=156"}],"curies":[{"name":"wp","href":"https:\/\/api.w.org\/{rel}","templated":true}]}}