{"id":361,"date":"2025-10-17T00:11:18","date_gmt":"2025-10-16T22:11:18","guid":{"rendered":"https:\/\/kmitdeco.fr\/?page_id=361"},"modified":"2026-04-03T11:30:04","modified_gmt":"2026-04-03T09:30:04","slug":"histoire","status":"publish","type":"page","link":"https:\/\/kmitdeco.fr\/?page_id=361","title":{"rendered":"Histoire"},"content":{"rendered":"\t\t<div data-elementor-type=\"wp-page\" data-elementor-id=\"361\" class=\"elementor elementor-361\">\n\t\t\t\t<div class=\"elementor-element elementor-element-1127b22 e-flex e-con-boxed e-con e-parent\" data-id=\"1127b22\" data-element_type=\"container\" data-e-type=\"container\" data-settings=\"{&quot;background_background&quot;:&quot;classic&quot;}\">\n\t\t\t\t\t<div class=\"e-con-inner\">\n\t\t\t\t<div class=\"elementor-element elementor-element-5461cb5 elementor-widget elementor-widget-heading\" data-id=\"5461cb5\" data-element_type=\"widget\" data-e-type=\"widget\" data-widget_type=\"heading.default\">\n\t\t\t\t\t<h1 class=\"elementor-heading-title elementor-size-default\"><br>L'histoire de K-mit D\u00e9co<\/h1>\t\t\t\t<\/div>\n\t\t\t\t\t<\/div>\n\t\t\t\t<\/div>\n\t\t<div class=\"elementor-element elementor-element-595592d e-flex e-con-boxed e-con e-parent\" data-id=\"595592d\" data-element_type=\"container\" data-e-type=\"container\">\n\t\t\t\t\t<div class=\"e-con-inner\">\n\t\t\t\t<div class=\"elementor-element elementor-element-bd023ee elementor-widget elementor-widget-text-editor\" data-id=\"bd023ee\" data-element_type=\"widget\" data-e-type=\"widget\" data-widget_type=\"text-editor.default\">\n\t\t\t\t\t\t\t\t\t<p>Une maison de d\u00e9coration qui c\u00e9l\u00e8bre l&rsquo;\u00e9l\u00e9gance de la cr\u00e9ation panafricaine.<\/p>\t\t\t\t\t\t\t\t<\/div>\n\t\t\t\t\t<\/div>\n\t\t\t\t<\/div>\n\t\t<div class=\"elementor-element elementor-element-7c94689 e-flex e-con-boxed e-con e-parent\" data-id=\"7c94689\" data-element_type=\"container\" data-e-type=\"container\" data-settings=\"{&quot;background_background&quot;:&quot;classic&quot;}\">\n\t\t\t\t\t<div class=\"e-con-inner\">\n\t\t\t\t<div class=\"elementor-element elementor-element-d255df3 elementor-widget__width-initial elementor-widget elementor-widget-text-editor\" data-id=\"d255df3\" data-element_type=\"widget\" data-e-type=\"widget\" data-widget_type=\"text-editor.default\">\n\t\t\t\t\t\t\t\t\t<p>\u00a0<\/p><p>Tout a commenc\u00e9 par une id\u00e9e simple, presque instinctive : cr\u00e9er une boutique en ligne capable de r\u00e9v\u00e9ler la richesse et la cr\u00e9ativit\u00e9 panafricaines. C&rsquo;est ainsi qu&rsquo;est n\u00e9e l&rsquo;id\u00e9e de proposer des pi\u00e8ces de d\u00e9coration panafricaines, imagin\u00e9es et fa\u00e7onn\u00e9es par des Africains et des Afro-descendants \u00e0 travers le monde. Un projet profond\u00e9ment personnel, en parfaite coh\u00e9rence avec ma personnalit\u00e9, mes valeurs et ma vision.<\/p><p>Depuis longtemps, je suis fascin\u00e9 par l&rsquo;\u00e9l\u00e9gance naturelle de l&rsquo;artisanat africain. Ces objets poss\u00e8dent une pr\u00e9sence singuli\u00e8re : ils racontent une histoire avant m\u00eame qu&rsquo;on ne les touche, simplement par leurs formes. leurs motifs ou leurs textures.<\/p><p>Derri\u00e8re chaque cr\u00e9ation se cache une m\u00e9moire, une \u00e9motion et surtout une main qui a pris le temps de faire. Ce temps pr\u00e9cieux, cette humanit\u00e9 et cette authenticit\u00e9 constituent l&rsquo;essence de K-mit D\u00e9co.<\/p><p>Ainsi est n\u00e9e K-mit D\u00e9co : une maison o\u00f9 l&rsquo;\u00e9thique rencontre l&rsquo;esth\u00e9tique, o\u00f9 la modernit\u00e9 dialogue avec la tradition et o\u00f9 chaque pi\u00e8ce rend hommage au g\u00e9nie cr\u00e9atif du continent africain et de sa diaspora.<\/p><p>Notre ambition est simple : sublimer les int\u00e9rieurs tout en valorisant nos racines.<\/p><p>\u00c0 travers K-mit D\u00e9co, nous souhaitons offrir bien plus que des objets de d\u00e9coration : partager une vision du beau, authentique, chaleureuse et profond\u00e9ment connect\u00e9e \u00e0 nos origines.<\/p>\t\t\t\t\t\t\t\t<\/div>\n\t\t\t\t\t<\/div>\n\t\t\t\t<\/div>\n\t\t<div class=\"elementor-element elementor-element-c08a0d4 e-flex e-con-boxed e-con e-parent\" data-id=\"c08a0d4\" data-element_type=\"container\" data-e-type=\"container\">\n\t\t\t\t\t<div class=\"e-con-inner\">\n\t\t\t\t<div class=\"elementor-element elementor-element-bb195ea elementor-widget__width-initial elementor-widget elementor-widget-heading\" data-id=\"bb195ea\" data-element_type=\"widget\" data-e-type=\"widget\" data-widget_type=\"heading.default\">\n\t\t\t\t\t<h2 class=\"elementor-heading-title elementor-size-default\">Nos valeurs<\/h2>\t\t\t\t<\/div>\n\t\t\t\t\t<\/div>\n\t\t\t\t<\/div>\n\t\t<div class=\"elementor-element elementor-element-fc29e4d e-flex e-con-boxed e-con e-parent\" data-id=\"fc29e4d\" data-element_type=\"container\" data-e-type=\"container\">\n\t\t\t\t\t<div class=\"e-con-inner\">\n\t\t\t\t<div class=\"elementor-element elementor-element-e4801e0 elementor-widget elementor-widget-text-editor\" data-id=\"e4801e0\" data-element_type=\"widget\" data-e-type=\"widget\" data-widget_type=\"text-editor.default\">\n\t\t\t\t\t\t\t\t\t<p>\u00a0<\/p><p>Authenticit\u00e9<\/p><p>Cr\u00e9ativit\u00e9 panafricaine<\/p><p>S\u00e9lection exigeante\u00a0<\/p><p>Esth\u00e9tique contemporaine<\/p>\t\t\t\t\t\t\t\t<\/div>\n\t\t\t\t\t<\/div>\n\t\t\t\t<\/div>\n\t\t<div class=\"elementor-element elementor-element-2bd6b7a e-flex e-con-boxed e-con e-parent\" data-id=\"2bd6b7a\" data-element_type=\"container\" data-e-type=\"container\">\n\t\t\t\t\t<div class=\"e-con-inner\">\n\t\t\t\t<div class=\"elementor-element elementor-element-6122437 elementor-widget elementor-widget-heading\" data-id=\"6122437\" data-element_type=\"widget\" data-e-type=\"widget\" data-widget_type=\"heading.default\">\n\t\t\t\t\t<h2 class=\"elementor-heading-title elementor-size-default\">Notre vision<\/h2>\t\t\t\t<\/div>\n\t\t\t\t\t<\/div>\n\t\t\t\t<\/div>\n\t\t<div class=\"elementor-element elementor-element-72a41ac e-flex e-con-boxed e-con e-parent\" data-id=\"72a41ac\" data-element_type=\"container\" data-e-type=\"container\">\n\t\t\t\t\t<div class=\"e-con-inner\">\n\t\t\t\t<div class=\"elementor-element elementor-element-04c14cc elementor-widget__width-initial elementor-widget elementor-widget-text-editor\" data-id=\"04c14cc\" data-element_type=\"widget\" data-e-type=\"widget\" data-widget_type=\"text-editor.default\">\n\t\t\t\t\t\t\t\t\t<p>Chez K-mit D\u00e9co, la d\u00e9coration est une expression de l&rsquo;identit\u00e9. Elle r\u00e9v\u00e8le une histoire, fa\u00e7onne une atmosph\u00e8re et donne du sens aux espaces.<\/p><p>Nous donnons \u00e0 voir des pi\u00e8ces qui magnifient les int\u00e9rieurs tout en c\u00e9l\u00e9brant la richesse culturelle du monde panafricain.<\/p>\t\t\t\t\t\t\t\t<\/div>\n\t\t\t\t\t<\/div>\n\t\t\t\t<\/div>\n\t\t<div class=\"elementor-element elementor-element-0bd17e7 e-flex e-con-boxed e-con e-parent\" data-id=\"0bd17e7\" data-element_type=\"container\" data-e-type=\"container\">\n\t\t\t\t\t<div class=\"e-con-inner\">\n\t\t\t\t<div class=\"elementor-element elementor-element-d6e9fc7 elementor-widget elementor-widget-heading\" data-id=\"d6e9fc7\" data-element_type=\"widget\" data-e-type=\"widget\" data-widget_type=\"heading.default\">\n\t\t\t\t\t<h2 class=\"elementor-heading-title elementor-size-default\"><b>K-mit D\u00e9co - Une histoire port\u00e9e par le sens<\/b> <b>et la mati\u00e8re.<\/b><\/h2>\t\t\t\t<\/div>\n\t\t\t\t\t<\/div>\n\t\t\t\t<\/div>\n\t\t\t\t<\/div>\n\t\t","protected":false},"excerpt":{"rendered":"<p>L&rsquo;histoire de K-mit D\u00e9co Une maison de d\u00e9coration qui c\u00e9l\u00e8bre l&rsquo;\u00e9l\u00e9gance de la cr\u00e9ation panafricaine. \u00a0 Tout a commenc\u00e9 par [&hellip;]<\/p>\n","protected":false},"author":1,"featured_media":0,"parent":0,"menu_order":0,"comment_status":"closed","ping_status":"closed","template":"","meta":{"site-sidebar-layout":"no-sidebar","site-content-layout":"","ast-site-content-layout":"full-width-container","site-content-style":"default","site-sidebar-style":"default","ast-global-header-display":"","ast-banner-title-visibility":"","ast-main-header-display":"","ast-hfb-above-header-display":"","ast-hfb-below-header-display":"","ast-hfb-mobile-header-display":"","site-post-title":"disabled","ast-breadcrumbs-content":"","ast-featured-img":"disabled","footer-sml-layout":"","ast-disable-related-posts":"","theme-transparent-header-meta":"","adv-header-id-meta":"","stick-header-meta":"","header-above-stick-meta":"","header-main-stick-meta":"","header-below-stick-meta":"","astra-migrate-meta-layouts":"default","ast-page-background-enabled":"default","ast-page-background-meta":{"desktop":{"background-color":"var(--ast-global-color-5)","background-image":"","background-repeat":"repeat","background-position":"center center","background-size":"auto","background-attachment":"scroll","background-type":"","background-media":"","overlay-type":"","overlay-color":"","overlay-opacity":"","overlay-gradient":""},"tablet":{"background-color":"","background-image":"","background-repeat":"repeat","background-position":"center center","background-size":"auto","background-attachment":"scroll","background-type":"","background-media":"","overlay-type":"","overlay-color":"","overlay-opacity":"","overlay-gradient":""},"mobile":{"background-color":"","background-image":"","background-repeat":"repeat","background-position":"center center","background-size":"auto","background-attachment":"scroll","background-type":"","background-media":"","overlay-type":"","overlay-color":"","overlay-opacity":"","overlay-gradient":""}},"ast-content-background-meta":{"desktop":{"background-color":"var(--ast-global-color-4)","background-image":"","background-repeat":"repeat","background-position":"center center","background-size":"auto","background-attachment":"scroll","background-type":"","background-media":"","overlay-type":"","overlay-color":"","overlay-opacity":"","overlay-gradient":""},"tablet":{"background-color":"var(--ast-global-color-4)","background-image":"","background-repeat":"repeat","background-position":"center center","background-size":"auto","background-attachment":"scroll","background-type":"","background-media":"","overlay-type":"","overlay-color":"","overlay-opacity":"","overlay-gradient":""},"mobile":{"background-color":"var(--ast-global-color-4)","background-image":"","background-repeat":"repeat","background-position":"center center","background-size":"auto","background-attachment":"scroll","background-type":"","background-media":"","overlay-type":"","overlay-color":"","overlay-opacity":"","overlay-gradient":""}},"footnotes":""},"class_list":["post-361","page","type-page","status-publish","hentry"],"_links":{"self":[{"href":"https:\/\/kmitdeco.fr\/index.php?rest_route=\/wp\/v2\/pages\/361","targetHints":{"allow":["GET"]}}],"collection":[{"href":"https:\/\/kmitdeco.fr\/index.php?rest_route=\/wp\/v2\/pages"}],"about":[{"href":"https:\/\/kmitdeco.fr\/index.php?rest_route=\/wp\/v2\/types\/page"}],"author":[{"embeddable":true,"href":"https:\/\/kmitdeco.fr\/index.php?rest_route=\/wp\/v2\/users\/1"}],"replies":[{"embeddable":true,"href":"https:\/\/kmitdeco.fr\/index.php?rest_route=%2Fwp%2Fv2%2Fcomments&post=361"}],"version-history":[{"count":64,"href":"https:\/\/kmitdeco.fr\/index.php?rest_route=\/wp\/v2\/pages\/361\/revisions"}],"predecessor-version":[{"id":1122,"href":"https:\/\/kmitdeco.fr\/index.php?rest_route=\/wp\/v2\/pages\/361\/revisions\/1122"}],"wp:attachment":[{"href":"https:\/\/kmitdeco.fr\/index.php?rest_route=%2Fwp%2Fv2%2Fmedia&parent=361"}],"curies":[{"name":"wp","href":"https:\/\/api.w.org\/{rel}","templated":true}]}}