{"id":563,"date":"2026-01-22T19:44:48","date_gmt":"2026-01-22T18:44:48","guid":{"rendered":"https:\/\/kmitdeco.fr\/?page_id=563"},"modified":"2026-01-23T21:01:53","modified_gmt":"2026-01-23T20:01:53","slug":"informations-engagements","status":"publish","type":"page","link":"https:\/\/kmitdeco.fr\/?page_id=563","title":{"rendered":"Informations &amp; Engagements"},"content":{"rendered":"\n<p><strong>Notre Maison<\/strong><\/p>\n\n\n\n<p>D\u00e9couvrez l&rsquo;univers K-mit D\u00e9co et les valeurs qui fa\u00e7onnent chacune de nos cr\u00e9ations<\/p>\n\n\n\n<p>. <a href=\"https:\/\/kmitdeco.fr\/?page_id=361\" data-type=\"page\" data-id=\"361\">Histoire<\/a><\/p>\n\n\n\n<p>. <a href=\"https:\/\/kmitdeco.fr\/?page_id=156\" data-type=\"page\" data-id=\"156\">Charte \u00e9thique<\/a><\/p>\n\n\n\n<p><\/p>\n\n\n\n<p><strong>Service &amp; Aide<\/strong><\/p>\n\n\n\n<p>Nous accompagnons votre exp\u00e9rience d&rsquo;achat \u00e0 chaque \u00e9tape. <\/p>\n\n\n\n<p>. <a href=\"https:\/\/kmitdeco.fr\/?page_id=118\" data-type=\"page\" data-id=\"118\">FAQ<\/a> <\/p>\n\n\n\n<p>. <a href=\"https:\/\/kmitdeco.fr\/?page_id=181\" data-type=\"page\" data-id=\"181\">Politique de retour et de remboursement<\/a><\/p>\n\n\n\n<p>. <a href=\"https:\/\/kmitdeco.fr\/?page_id=86\" data-type=\"page\" data-id=\"86\">Contact<\/a><\/p>\n\n\n\n<p><\/p>\n\n\n\n<p><strong>Informations l\u00e9gales<\/strong><\/p>\n\n\n\n<p>Consultez nos documents r\u00e9glementaires.<\/p>\n\n\n\n<p>. <a href=\"https:\/\/kmitdeco.fr\/?page_id=94\" data-type=\"page\" data-id=\"94\">Conditions g\u00e9n\u00e9rales de vente (CGV)<\/a><\/p>\n\n\n\n<p>. <a href=\"https:\/\/kmitdeco.fr\/?page_id=98\" data-type=\"page\" data-id=\"98\">Conditions g\u00e9n\u00e9rales d&rsquo;utilisation (CGU)<\/a><\/p>\n\n\n\n<p>. <a href=\"https:\/\/kmitdeco.fr\/?page_id=145\" data-type=\"page\" data-id=\"145\">Mentions l\u00e9gales<\/a><\/p>\n\n\n\n<p>. <a href=\"https:\/\/kmitdeco.fr\/?page_id=131\" data-type=\"page\" data-id=\"131\">Politique de confidentialit\u00e9<\/a><\/p>\n\n\n\n<p>. <a href=\"https:\/\/kmitdeco.fr\/?page_id=167\" data-type=\"page\" data-id=\"167\">Politique de cookies<\/a><\/p>\n\n\n\n<p><\/p>\n","protected":false},"excerpt":{"rendered":"<p>Notre Maison D\u00e9couvrez l&rsquo;univers K-mit D\u00e9co et les valeurs qui fa\u00e7onnent chacune de nos cr\u00e9ations . Histoire . Charte \u00e9thique [&hellip;]<\/p>\n","protected":false},"author":1,"featured_media":0,"parent":0,"menu_order":0,"comment_status":"closed","ping_status":"closed","template":"","meta":{"site-sidebar-layout":"default","site-content-layout":"","ast-site-content-layout":"default","site-content-style":"default","site-sidebar-style":"default","ast-global-header-display":"","ast-banner-title-visibility":"","ast-main-header-display":"","ast-hfb-above-header-display":"","ast-hfb-below-header-display":"","ast-hfb-mobile-header-display":"","site-post-title":"","ast-breadcrumbs-content":"","ast-featured-img":"","footer-sml-layout":"","ast-disable-related-posts":"","theme-transparent-header-meta":"","adv-header-id-meta":"","stick-header-meta":"","header-above-stick-meta":"","header-main-stick-meta":"","header-below-stick-meta":"","astra-migrate-meta-layouts":"default","ast-page-background-enabled":"default","ast-page-background-meta":{"desktop":{"background-color":"var(--ast-global-color-5)","background-image":"","background-repeat":"repeat","background-position":"center center","background-size":"auto","background-attachment":"scroll","background-type":"","background-media":"","overlay-type":"","overlay-color":"","overlay-opacity":"","overlay-gradient":""},"tablet":{"background-color":"","background-image":"","background-repeat":"repeat","background-position":"center center","background-size":"auto","background-attachment":"scroll","background-type":"","background-media":"","overlay-type":"","overlay-color":"","overlay-opacity":"","overlay-gradient":""},"mobile":{"background-color":"","background-image":"","background-repeat":"repeat","background-position":"center center","background-size":"auto","background-attachment":"scroll","background-type":"","background-media":"","overlay-type":"","overlay-color":"","overlay-opacity":"","overlay-gradient":""}},"ast-content-background-meta":{"desktop":{"background-color":"var(--ast-global-color-4)","background-image":"","background-repeat":"repeat","background-position":"center center","background-size":"auto","background-attachment":"scroll","background-type":"","background-media":"","overlay-type":"","overlay-color":"","overlay-opacity":"","overlay-gradient":""},"tablet":{"background-color":"var(--ast-global-color-4)","background-image":"","background-repeat":"repeat","background-position":"center center","background-size":"auto","background-attachment":"scroll","background-type":"","background-media":"","overlay-type":"","overlay-color":"","overlay-opacity":"","overlay-gradient":""},"mobile":{"background-color":"var(--ast-global-color-4)","background-image":"","background-repeat":"repeat","background-position":"center center","background-size":"auto","background-attachment":"scroll","background-type":"","background-media":"","overlay-type":"","overlay-color":"","overlay-opacity":"","overlay-gradient":""}},"footnotes":""},"class_list":["post-563","page","type-page","status-publish","hentry"],"_links":{"self":[{"href":"https:\/\/kmitdeco.fr\/index.php?rest_route=\/wp\/v2\/pages\/563","targetHints":{"allow":["GET"]}}],"collection":[{"href":"https:\/\/kmitdeco.fr\/index.php?rest_route=\/wp\/v2\/pages"}],"about":[{"href":"https:\/\/kmitdeco.fr\/index.php?rest_route=\/wp\/v2\/types\/page"}],"author":[{"embeddable":true,"href":"https:\/\/kmitdeco.fr\/index.php?rest_route=\/wp\/v2\/users\/1"}],"replies":[{"embeddable":true,"href":"https:\/\/kmitdeco.fr\/index.php?rest_route=%2Fwp%2Fv2%2Fcomments&post=563"}],"version-history":[{"count":3,"href":"https:\/\/kmitdeco.fr\/index.php?rest_route=\/wp\/v2\/pages\/563\/revisions"}],"predecessor-version":[{"id":568,"href":"https:\/\/kmitdeco.fr\/index.php?rest_route=\/wp\/v2\/pages\/563\/revisions\/568"}],"wp:attachment":[{"href":"https:\/\/kmitdeco.fr\/index.php?rest_route=%2Fwp%2Fv2%2Fmedia&parent=563"}],"curies":[{"name":"wp","href":"https:\/\/api.w.org\/{rel}","templated":true}]}}